{"id":38,"date":"2026-04-16T21:41:53","date_gmt":"2026-04-16T19:41:53","guid":{"rendered":"https:\/\/gresoutlet24.com\/?page_id=38"},"modified":"2026-04-16T21:41:54","modified_gmt":"2026-04-16T19:41:54","slug":"reklamacje","status":"publish","type":"page","link":"https:\/\/gresoutlet24.com\/?page_id=38","title":{"rendered":"Reklamacje"},"content":{"rendered":"\n<p>W przypadku gdy zakupiony u nas towar oka\u017ce si\u0119 wadliwy, masz prawo reklamowa\u0107 go w oparciu o r\u0119kojmi\u0119. Reklamacj\u0119 najlepiej z\u0142o\u017cy\u0107 na adres e-mail: sklep@gresoutlet24.com lub drog\u0105 pocztow\u0105 na adres ul. Gda\u0144ska 36A, 84-300 L\u0119bork.<\/p>\n\n\n\n<p><strong>Wadliwy towar nale\u017cy wys\u0142a\u0107 na adres: ul. Gda\u0144ska 36 A, 84-300 L\u0119bork<\/strong><\/p>\n\n\n\n<p>W zwi\u0105zku z wad\u0105 mo\u017cesz \u017c\u0105da\u0107:<\/p>\n\n\n\n<ul class=\"wp-block-list\">\n<li><strong>wymiany rzeczy na woln\u0105 od wad,<\/strong><\/li>\n\n\n\n<li><strong>usuni\u0119cia wady,<\/strong><\/li>\n<\/ul>\n\n\n\n<p>lub z\u0142o\u017cy\u0107 o\u015bwiadczenie o:<\/p>\n\n\n\n<ul class=\"wp-block-list\">\n<li><strong>obni\u017ceniu ceny,<\/strong><\/li>\n\n\n\n<li><strong>odst\u0105pieniu od umowy \u2013 w przypadku wady istotnej.<\/strong><\/li>\n<\/ul>\n\n\n\n<p>Odpowiadamy wzgl\u0119dem Ciebie za wady stwierdzone przed up\u0142ywem dw\u00f3ch lat od dnia wydania rzeczy \u2013 na zasadach okre\u015blonych w kodeksie cywilnym.<\/p>\n\n\n\n<p><strong>Rozpatrzenie Twojej reklamacji (ustosunkowanie si\u0119 do niej) nast\u0105pi w ci\u0105gu 14 dni od daty otrzymania przez nas Twojego zg\u0142oszenia reklamacyjnego.<\/strong><\/p>\n\n\n\n<p>Wi\u0119cej informacji na temat reklamacji znajdziesz w naszym Regulaminie sprzeda\u017cy.<\/p>\n","protected":false},"excerpt":{"rendered":"<p>W przypadku gdy zakupiony u nas towar oka\u017ce si\u0119 wadliwy, masz prawo reklamowa\u0107 go w oparciu o r\u0119kojmi\u0119. Reklamacj\u0119 najlepiej z\u0142o\u017cy\u0107 na adres e-mail: sklep@gresoutlet24.com lub drog\u0105 pocztow\u0105 na adres ul. Gda\u0144ska 36A, 84-300 L\u0119bork. Wadliwy towar nale\u017cy wys\u0142a\u0107 na adres: ul. Gda\u0144ska 36 A, 84-300 L\u0119bork W zwi\u0105zku z wad\u0105 mo\u017cesz \u017c\u0105da\u0107: lub z\u0142o\u017cy\u0107 o\u015bwiadczenie o: Odpowiadamy wzgl\u0119dem Ciebie za wady stwierdzone przed up\u0142ywem dw\u00f3ch lat od dnia wydania rzeczy \u2013 na zasadach okre\u015blonych w kodeksie cywilnym. Rozpatrzenie Twojej reklamacji (ustosunkowanie si\u0119 do niej) nast\u0105pi w ci\u0105gu 14 dni&hellip;<\/p>\n","protected":false},"author":1,"featured_media":0,"parent":0,"menu_order":0,"comment_status":"closed","ping_status":"closed","template":"","meta":{"footnotes":""},"class_list":["post-38","page","type-page","status-publish","hentry"],"jetpack_sharing_enabled":true,"_links":{"self":[{"href":"https:\/\/gresoutlet24.com\/index.php?rest_route=\/wp\/v2\/pages\/38","targetHints":{"allow":["GET"]}}],"collection":[{"href":"https:\/\/gresoutlet24.com\/index.php?rest_route=\/wp\/v2\/pages"}],"about":[{"href":"https:\/\/gresoutlet24.com\/index.php?rest_route=\/wp\/v2\/types\/page"}],"author":[{"embeddable":true,"href":"https:\/\/gresoutlet24.com\/index.php?rest_route=\/wp\/v2\/users\/1"}],"replies":[{"embeddable":true,"href":"https:\/\/gresoutlet24.com\/index.php?rest_route=%2Fwp%2Fv2%2Fcomments&post=38"}],"version-history":[{"count":1,"href":"https:\/\/gresoutlet24.com\/index.php?rest_route=\/wp\/v2\/pages\/38\/revisions"}],"predecessor-version":[{"id":62,"href":"https:\/\/gresoutlet24.com\/index.php?rest_route=\/wp\/v2\/pages\/38\/revisions\/62"}],"wp:attachment":[{"href":"https:\/\/gresoutlet24.com\/index.php?rest_route=%2Fwp%2Fv2%2Fmedia&parent=38"}],"curies":[{"name":"wp","href":"https:\/\/api.w.org\/{rel}","templated":true}]}}