{"id":35,"date":"2026-04-16T21:25:33","date_gmt":"2026-04-16T19:25:33","guid":{"rendered":"https:\/\/gresoutlet24.com\/?page_id=35"},"modified":"2026-04-16T21:25:35","modified_gmt":"2026-04-16T19:25:35","slug":"o-nas","status":"publish","type":"page","link":"https:\/\/gresoutlet24.com\/?page_id=35","title":{"rendered":"O nas"},"content":{"rendered":"\n<p>\u00a0\u00a0\u00a0\u00a0\u00a0\u00a0\u00a0\u00a0<img loading=\"lazy\" decoding=\"async\" width=\"200\" height=\"37\" class=\"wp-image-58\" style=\"width: 200px;\" src=\"https:\/\/gresoutlet24.com\/wp-content\/uploads\/2026\/04\/Bez-tytulu-980\u00d7180-px.png\" alt=\"\" srcset=\"https:\/\/gresoutlet24.com\/wp-content\/uploads\/2026\/04\/Bez-tytulu-980\u00d7180-px.png 980w, https:\/\/gresoutlet24.com\/wp-content\/uploads\/2026\/04\/Bez-tytulu-980\u00d7180-px-300x55.png 300w, https:\/\/gresoutlet24.com\/wp-content\/uploads\/2026\/04\/Bez-tytulu-980\u00d7180-px-768x141.png 768w, https:\/\/gresoutlet24.com\/wp-content\/uploads\/2026\/04\/Bez-tytulu-980\u00d7180-px-600x110.png 600w\" sizes=\"auto, (max-width: 200px) 100vw, 200px\" \/>\u00a0\u00a0\u00a0\u00a0\u00a0\u00a0\u00a0\u00a0\u00a0\u00a0\u00a0\u00a0\u00a0\u00a0\u00a0to firma, kt\u00f3ra specjalizuje si\u0119 w kompleksowej obs\u0142udze ma\u0142ych i du\u017cych inwestycji mieszkaniowych, obiekt\u00f3w przemys\u0142owych, biur oraz powierzchni pod wynajem, jak i hal produkcyjnych czy magazyn\u00f3w. Wspieramy tak\u017ce realizacj\u0119 inwestycji publicznych, wsp\u00f3\u0142pracuj\u0105c z inwestorami i wykonawcami na ka\u017cdym etapie projektu \u2013 od fazy koncepcyjnej a\u017c po jego zako\u0144czenie.<\/p>\n\n\n\n<p>Oferujemy nie tylko szeroki asortyment materia\u0142\u00f3w budowlanych, takich jak p\u0142ytki pod\u0142ogowe, \u015bcienne, tarasowe i elewacyjne, ale tak\u017ce zapewniamy wsparcie projektanta wn\u0119trz, profesjonalne doradztwo techniczne oraz dost\u0119p do sprawdzonych firm realizacyjnych. Dzi\u0119ki naszemu do\u015bwiadczeniu oraz szerokim portfolio produktowym dostarczamy rozwi\u0105zania dopasowane do potrzeb najbardziej wymagaj\u0105cych projekt\u00f3w architektonicznych.<\/p>\n\n\n\n<p>W naszej ofercie znajduj\u0105 si\u0119 r\u00f3wnie\u017c panele pod\u0142ogowe, chemia budowlana, wyposa\u017cenie kuchni i \u0142azienek, a tak\u017ce kamie\u0144 naturalny, kt\u00f3ry stale utrzymujemy w sprzeda\u017cy. Wsp\u00f3\u0142pracujemy z renomowanymi producentami zar\u00f3wno z Polski, jak i zagranicy, co gwarantuje najwy\u017csz\u0105 jako\u015b\u0107 oferowanych produkt\u00f3w.<\/p>\n\n\n\n<p>Dzi\u0119ki rozbudowanej logistyce oraz zespo\u0142owi ekspert\u00f3w jeste\u015bmy w stanie kompleksowo zaopatrywa\u0107 du\u017ce inwestycje, dbaj\u0105c o terminowo\u015b\u0107 dostaw i najwy\u017csze standardy obs\u0142ugi. <strong>Wsparcie wykonawcze<\/strong> \u2013 wsp\u00f3\u0142pracujemy z wieloma sprawdzonymi firmami wykonawczymi, dzi\u0119ki czemu mo\u017cemy poleci\u0107 odpowiednich specjalist\u00f3w lub zaoferowa\u0107 wykonanie us\u0142ugi we w\u0142asnym zakresie w ramach oddzielnej umowy.<\/p>\n\n\n\n<p>Je\u015bli szukaj\u0105 Pa\u0144stwo partnera, kt\u00f3ry zadba o ka\u017cdy szczeg\u00f3\u0142 i dostarczy nie tylko produkty, ale tak\u017ce pe\u0142ne wsparcie w realizacji projektu, <a href=\"https:\/\/gresoutlet24.com\" data-type=\"link\" data-id=\"gresoutlet24.com\">gresoutlet24.com<\/a> jest odpowiedzi\u0105 na Pa\u0144stwa potrzeby.<\/p>\n\n\n\n<p><\/p>\n","protected":false},"excerpt":{"rendered":"<p>\u00a0\u00a0\u00a0\u00a0\u00a0\u00a0\u00a0\u00a0\u00a0\u00a0\u00a0\u00a0\u00a0\u00a0\u00a0\u00a0\u00a0\u00a0\u00a0\u00a0\u00a0\u00a0\u00a0to firma, kt\u00f3ra specjalizuje si\u0119 w kompleksowej obs\u0142udze ma\u0142ych i du\u017cych inwestycji mieszkaniowych, obiekt\u00f3w przemys\u0142owych, biur oraz powierzchni pod wynajem, jak i hal produkcyjnych czy magazyn\u00f3w. Wspieramy tak\u017ce realizacj\u0119 inwestycji publicznych, wsp\u00f3\u0142pracuj\u0105c z inwestorami i wykonawcami na ka\u017cdym etapie projektu \u2013 od fazy koncepcyjnej a\u017c po jego zako\u0144czenie. Oferujemy nie tylko szeroki asortyment materia\u0142\u00f3w budowlanych, takich jak p\u0142ytki pod\u0142ogowe, \u015bcienne, tarasowe i elewacyjne, ale tak\u017ce zapewniamy wsparcie projektanta wn\u0119trz, profesjonalne doradztwo techniczne oraz dost\u0119p do sprawdzonych firm realizacyjnych. Dzi\u0119ki naszemu do\u015bwiadczeniu oraz szerokim portfolio produktowym dostarczamy rozwi\u0105zania dopasowane do potrzeb&hellip;<\/p>\n","protected":false},"author":1,"featured_media":0,"parent":0,"menu_order":0,"comment_status":"closed","ping_status":"closed","template":"","meta":{"footnotes":""},"class_list":["post-35","page","type-page","status-publish","hentry"],"jetpack_sharing_enabled":true,"_links":{"self":[{"href":"https:\/\/gresoutlet24.com\/index.php?rest_route=\/wp\/v2\/pages\/35","targetHints":{"allow":["GET"]}}],"collection":[{"href":"https:\/\/gresoutlet24.com\/index.php?rest_route=\/wp\/v2\/pages"}],"about":[{"href":"https:\/\/gresoutlet24.com\/index.php?rest_route=\/wp\/v2\/types\/page"}],"author":[{"embeddable":true,"href":"https:\/\/gresoutlet24.com\/index.php?rest_route=\/wp\/v2\/users\/1"}],"replies":[{"embeddable":true,"href":"https:\/\/gresoutlet24.com\/index.php?rest_route=%2Fwp%2Fv2%2Fcomments&post=35"}],"version-history":[{"count":1,"href":"https:\/\/gresoutlet24.com\/index.php?rest_route=\/wp\/v2\/pages\/35\/revisions"}],"predecessor-version":[{"id":59,"href":"https:\/\/gresoutlet24.com\/index.php?rest_route=\/wp\/v2\/pages\/35\/revisions\/59"}],"wp:attachment":[{"href":"https:\/\/gresoutlet24.com\/index.php?rest_route=%2Fwp%2Fv2%2Fmedia&parent=35"}],"curies":[{"name":"wp","href":"https:\/\/api.w.org\/{rel}","templated":true}]}}