{"id":34,"date":"2026-04-16T21:18:57","date_gmt":"2026-04-16T19:18:57","guid":{"rendered":"https:\/\/gresoutlet24.com\/?page_id=34"},"modified":"2026-04-16T21:18:59","modified_gmt":"2026-04-16T19:18:59","slug":"kontakt","status":"publish","type":"page","link":"https:\/\/gresoutlet24.com\/?page_id=34","title":{"rendered":"Kontakt"},"content":{"rendered":"\n<p>napisz do nas<\/p>\n\n\n\n<p>sklep@gresoutlet24.com<\/p>\n\n\n\n<p>lub zadzwo\u0144: +48 508 509 320<\/p>\n\n\n\n<p>ul. Gda\u0144ska 36A, 84-300 L\u0119bork<\/p>\n","protected":false},"excerpt":{"rendered":"<p>napisz do nas sklep@gresoutlet24.com lub zadzwo\u0144: +48 508 509 320 ul. Gda\u0144ska 36A, 84-300 L\u0119bork<\/p>\n","protected":false},"author":1,"featured_media":0,"parent":0,"menu_order":0,"comment_status":"closed","ping_status":"closed","template":"","meta":{"footnotes":""},"class_list":["post-34","page","type-page","status-publish","hentry"],"jetpack_sharing_enabled":true,"_links":{"self":[{"href":"https:\/\/gresoutlet24.com\/index.php?rest_route=\/wp\/v2\/pages\/34","targetHints":{"allow":["GET"]}}],"collection":[{"href":"https:\/\/gresoutlet24.com\/index.php?rest_route=\/wp\/v2\/pages"}],"about":[{"href":"https:\/\/gresoutlet24.com\/index.php?rest_route=\/wp\/v2\/types\/page"}],"author":[{"embeddable":true,"href":"https:\/\/gresoutlet24.com\/index.php?rest_route=\/wp\/v2\/users\/1"}],"replies":[{"embeddable":true,"href":"https:\/\/gresoutlet24.com\/index.php?rest_route=%2Fwp%2Fv2%2Fcomments&post=34"}],"version-history":[{"count":1,"href":"https:\/\/gresoutlet24.com\/index.php?rest_route=\/wp\/v2\/pages\/34\/revisions"}],"predecessor-version":[{"id":57,"href":"https:\/\/gresoutlet24.com\/index.php?rest_route=\/wp\/v2\/pages\/34\/revisions\/57"}],"wp:attachment":[{"href":"https:\/\/gresoutlet24.com\/index.php?rest_route=%2Fwp%2Fv2%2Fmedia&parent=34"}],"curies":[{"name":"wp","href":"https:\/\/api.w.org\/{rel}","templated":true}]}}