{"id":2,"date":"2026-04-10T20:06:56","date_gmt":"2026-04-10T18:06:56","guid":{"rendered":"https:\/\/example.com\/?page_id=2"},"modified":"2026-04-16T23:00:28","modified_gmt":"2026-04-16T21:00:28","slug":"przykladowa-strona","status":"publish","type":"page","link":"https:\/\/gresoutlet24.com\/","title":{"rendered":"Strona g\u0142\u00f3wna"},"content":{"rendered":"\n<p>STRONA W PRZBUDOWIE&#8230;<\/p>\n\n\n\n<figure class=\"wp-block-image size-full is-resized\"><img loading=\"lazy\" decoding=\"async\" width=\"225\" height=\"225\" src=\"https:\/\/gresoutlet24.com\/wp-content\/uploads\/2026\/04\/image.png\" alt=\"\" class=\"wp-image-75\" style=\"width:93px;height:auto\" srcset=\"https:\/\/gresoutlet24.com\/wp-content\/uploads\/2026\/04\/image.png 225w, https:\/\/gresoutlet24.com\/wp-content\/uploads\/2026\/04\/image-150x150.png 150w, https:\/\/gresoutlet24.com\/wp-content\/uploads\/2026\/04\/image-100x100.png 100w\" sizes=\"auto, (max-width: 225px) 100vw, 225px\" \/><\/figure>\n\n\n\n<p>masz pytanie? chcesz zam\u00f3wi\u0107?<\/p>\n\n\n\n<p>napisz do nas:<\/p>\n\n\n\n<p><strong>sklep@gresoutlet24.com<\/strong><\/p>\n\n\n\n<p>lub zadzwo\u0144: <strong>+48 508 509 320<\/strong><\/p>\n","protected":false},"excerpt":{"rendered":"<p>STRONA W PRZBUDOWIE&#8230; masz pytanie? chcesz zam\u00f3wi\u0107? napisz do nas: sklep@gresoutlet24.com lub zadzwo\u0144: +48 508 509 320<\/p>\n","protected":false},"author":1,"featured_media":0,"parent":0,"menu_order":0,"comment_status":"closed","ping_status":"open","template":"","meta":{"footnotes":""},"class_list":["post-2","page","type-page","status-publish","hentry"],"jetpack_sharing_enabled":true,"_links":{"self":[{"href":"https:\/\/gresoutlet24.com\/index.php?rest_route=\/wp\/v2\/pages\/2","targetHints":{"allow":["GET"]}}],"collection":[{"href":"https:\/\/gresoutlet24.com\/index.php?rest_route=\/wp\/v2\/pages"}],"about":[{"href":"https:\/\/gresoutlet24.com\/index.php?rest_route=\/wp\/v2\/types\/page"}],"author":[{"embeddable":true,"href":"https:\/\/gresoutlet24.com\/index.php?rest_route=\/wp\/v2\/users\/1"}],"replies":[{"embeddable":true,"href":"https:\/\/gresoutlet24.com\/index.php?rest_route=%2Fwp%2Fv2%2Fcomments&post=2"}],"version-history":[{"count":7,"href":"https:\/\/gresoutlet24.com\/index.php?rest_route=\/wp\/v2\/pages\/2\/revisions"}],"predecessor-version":[{"id":85,"href":"https:\/\/gresoutlet24.com\/index.php?rest_route=\/wp\/v2\/pages\/2\/revisions\/85"}],"wp:attachment":[{"href":"https:\/\/gresoutlet24.com\/index.php?rest_route=%2Fwp%2Fv2%2Fmedia&parent=2"}],"curies":[{"name":"wp","href":"https:\/\/api.w.org\/{rel}","templated":true}]}}